{"id":4475,"date":"2018-02-13T23:24:40","date_gmt":"2018-02-13T22:24:40","guid":{"rendered":"https:\/\/www.missionlife.sk\/form-3\/"},"modified":"2020-05-18T12:29:10","modified_gmt":"2020-05-18T10:29:10","slug":"form-3","status":"publish","type":"page","link":"https:\/\/www.missionlife.sk\/en\/form-3\/","title":{"rendered":"FORM 3"},"content":{"rendered":"<p><div id=\"mainpicturedalis1\"><div class=\"fusion-fullwidth fullwidth-box fusion-builder-row-1 hundred-percent-fullwidth non-hundred-percent-height-scrolling\" style=\"background-color: rgba(255,255,255,0);background-position: left top;background-repeat: no-repeat;padding-top:0px;padding-right:0px;padding-bottom:0px;padding-left:0px;border-width: 0px 0px 0px 0px;border-color:#eae9e9;border-style:solid;\" ><div class=\"fusion-builder-row fusion-row\"><div class=\"fusion-layout-column fusion_builder_column fusion-builder-column-0 fusion_builder_column_1_1 1_1 fusion-one-full fusion-column-first fusion-column-last fusion-column-no-min-height\" style=\"margin-top:0px;margin-bottom:0px;\"><div class=\"fusion-column-wrapper fusion-flex-column-wrapper-legacy\" style=\"background-position:left top;background-repeat:no-repeat;-webkit-background-size:cover;-moz-background-size:cover;-o-background-size:cover;background-size:cover;padding: 0px 0px 0px 0px;\"><div class=\"fusion-column-content-centered\"><div class=\"fusion-column-content\"><div class=\"imageframe-align-center\"><span class=\" fusion-imageframe imageframe-none imageframe-1 hover-type-zoomin\"><img decoding=\"async\" width=\"2000\" height=\"500\" src=\"https:\/\/www.missionlife.sk\/wp-content\/uploads\/2018\/02\/DALISFORM2000X500.jpg\" alt class=\"img-responsive wp-image-3722\" srcset=\"https:\/\/www.missionlife.sk\/wp-content\/uploads\/2018\/02\/DALISFORM2000X500-200x50.jpg 200w, https:\/\/www.missionlife.sk\/wp-content\/uploads\/2018\/02\/DALISFORM2000X500-400x100.jpg 400w, https:\/\/www.missionlife.sk\/wp-content\/uploads\/2018\/02\/DALISFORM2000X500-600x150.jpg 600w, https:\/\/www.missionlife.sk\/wp-content\/uploads\/2018\/02\/DALISFORM2000X500-800x200.jpg 800w, https:\/\/www.missionlife.sk\/wp-content\/uploads\/2018\/02\/DALISFORM2000X500-1200x300.jpg 1200w, https:\/\/www.missionlife.sk\/wp-content\/uploads\/2018\/02\/DALISFORM2000X500.jpg 2000w\" sizes=\"(max-width: 800px) 100vw, 2000px\" \/><\/span><\/div><\/div><\/div><div class=\"fusion-clearfix\"><\/div><\/div><\/div><\/div><\/div><\/div><div class=\"fusion-fullwidth fullwidth-box fusion-builder-row-2 hundred-percent-fullwidth non-hundred-percent-height-scrolling\" style=\"background-color: #6ac9cf;background-position: left top;background-repeat: no-repeat;padding-top:10px;padding-right:0px;padding-bottom:10px;padding-left:0px;border-width: 0px 0px 0px 0px;border-color:#a2d694;border-style:solid;\" ><div class=\"fusion-builder-row fusion-row\"><div class=\"fusion-layout-column fusion_builder_column fusion-builder-column-1 fusion_builder_column_1_1 1_1 fusion-one-full fusion-column-first fusion-column-last fusion-column-no-min-height fusion-column-inner-bg-wrapper fusion-animated\" style=\"margin-top:0px;margin-bottom:0px;\" data-animationType=\"fadeIn\" data-animationDuration=\"0.3\" data-animationOffset=\"top-into-view\"><div class=\"fusion-column-wrapper fusion-flex-column-wrapper-legacy\" style=\"padding: 1px 1px 1px 1px;\"><div class=\"fusion-text fusion-text-1\"><h1 style=\"text-align: center;\"><strong>Please fill in the form<\/strong>.<\/h1>\n<\/div><div class=\"fusion-clearfix\"><\/div><\/div><span class=\"fusion-column-inner-bg hover-type-zoomin\"><span class=\"fusion-column-anchor\"><span class=\"fusion-column-inner-bg-image\" style=\"background-position:left top;background-repeat:no-repeat;-webkit-background-size:cover;-moz-background-size:cover;-o-background-size:cover;background-size:cover;\"><\/span><\/span><\/span><\/div><\/div><\/div><div class=\"fusion-fullwidth fullwidth-box fusion-builder-row-3 nonhundred-percent-fullwidth non-hundred-percent-height-scrolling\" style=\"background-color: #6ac9cf;background-position: center center;background-repeat: no-repeat;padding-top:0px;padding-right:20%;padding-bottom:0px;padding-left:20%;margin-bottom: 0px;margin-top: 0px;border-width: 0px 0px 0px 0px;border-color:#eae9e9;border-style:solid;\" ><div class=\"fusion-builder-row fusion-row\"><div class=\"fusion-layout-column fusion_builder_column fusion-builder-column-2 fusion_builder_column_1_1 1_1 fusion-one-full fusion-column-first fusion-column-last\" style=\"margin-top:0px;margin-bottom:0px;\"><div class=\"fusion-column-wrapper fusion-flex-column-wrapper-legacy\" style=\"background-position:left top;background-repeat:no-repeat;-webkit-background-size:cover;-moz-background-size:cover;-o-background-size:cover;background-size:cover;background-color:#ffffff;padding: 50px 50px 50px 50px;\"><div class=\"fusion-text fusion-text-2\">\n<div class=\"wpcf7 no-js\" id=\"wpcf7-f4470-o1\" lang=\"en-US\" dir=\"ltr\">\n<div class=\"screen-reader-response\"><p role=\"status\" aria-live=\"polite\" aria-atomic=\"true\"><\/p> <ul><\/ul><\/div>\n<form action=\"\/en\/wp-json\/wp\/v2\/pages\/4475#wpcf7-f4470-o1\" method=\"post\" class=\"wpcf7-form init\" aria-label=\"Contact form\" novalidate=\"novalidate\" data-status=\"init\">\n<div style=\"display: none;\">\n<input type=\"hidden\" name=\"_wpcf7\" value=\"4470\" \/>\n<input type=\"hidden\" name=\"_wpcf7_version\" value=\"5.7.7\" \/>\n<input type=\"hidden\" name=\"_wpcf7_locale\" value=\"en_US\" \/>\n<input type=\"hidden\" name=\"_wpcf7_unit_tag\" value=\"wpcf7-f4470-o1\" \/>\n<input type=\"hidden\" name=\"_wpcf7_container_post\" value=\"0\" \/>\n<input type=\"hidden\" name=\"_wpcf7_posted_data_hash\" value=\"\" \/>\n<\/div>\n<p><label> NAME OF ORGANIZATION<br \/>\n<span class=\"wpcf7-form-control-wrap\" data-name=\"nazov-3\"><textarea cols=\"40\" rows=\"10\" class=\"wpcf7-form-control wpcf7-textarea\" aria-invalid=\"false\" name=\"nazov-3\"><\/textarea><\/span> <\/label>\n<\/p>\n<p><label> FIRST NAME<br \/>\n<span class=\"wpcf7-form-control-wrap\" data-name=\"meno-3\"><textarea cols=\"40\" rows=\"10\" class=\"wpcf7-form-control wpcf7-textarea\" aria-invalid=\"false\" name=\"meno-3\"><\/textarea><\/span> <\/label>\n<\/p>\n<p><label> LAST NAME<br \/>\n<span class=\"wpcf7-form-control-wrap\" data-name=\"priez-3\"><textarea cols=\"40\" rows=\"10\" class=\"wpcf7-form-control wpcf7-textarea\" aria-invalid=\"false\" name=\"priez-3\"><\/textarea><\/span> <\/label>\n<\/p>\n<p><label> ADDRESS<br \/>\n<span class=\"wpcf7-form-control-wrap\" data-name=\"adresa-3\"><textarea cols=\"40\" rows=\"10\" class=\"wpcf7-form-control wpcf7-textarea\" aria-invalid=\"false\" name=\"adresa-3\"><\/textarea><\/span> <\/label>\n<\/p>\n<p><label> DATE OF BIRTH<br \/>\n<span class=\"wpcf7-form-control-wrap\" data-name=\"datum-3\"><textarea cols=\"40\" rows=\"10\" class=\"wpcf7-form-control wpcf7-textarea\" aria-invalid=\"false\" name=\"datum-3\"><\/textarea><\/span> <\/label>\n<\/p>\n<p><label> PHONE<br \/>\n<span class=\"wpcf7-form-control-wrap\" data-name=\"telefon-3\"><textarea cols=\"40\" rows=\"10\" class=\"wpcf7-form-control wpcf7-textarea\" aria-invalid=\"false\" name=\"telefon-3\"><\/textarea><\/span> <\/label>\n<\/p>\n<p><label> EMAIL<br \/>\n<span class=\"wpcf7-form-control-wrap\" data-name=\"email-3\"><textarea cols=\"40\" rows=\"10\" class=\"wpcf7-form-control wpcf7-textarea\" aria-invalid=\"false\" name=\"email-3\"><\/textarea><\/span> <\/label>\n<\/p>\n<p><label> DESCRIPTION OF MY SITUATION<br \/>\n<span class=\"wpcf7-form-control-wrap\" data-name=\"popis-3\"><textarea cols=\"40\" rows=\"10\" class=\"wpcf7-form-control wpcf7-textarea\" aria-invalid=\"false\" name=\"popis-3\"><\/textarea><\/span> <\/label>\n<\/p>\n<p><label> SPECIFIC REQUEST<br \/>\n<span class=\"wpcf7-form-control-wrap\" data-name=\"konkretna-3\"><textarea cols=\"40\" rows=\"10\" class=\"wpcf7-form-control wpcf7-textarea\" aria-invalid=\"false\" name=\"konkretna-3\"><\/textarea><\/span> <\/label>\n<\/p>\n<p><input class=\"wpcf7-form-control has-spinner wpcf7-submit\" type=\"submit\" value=\"Send\" \/>\n<\/p><div class=\"fusion-alert alert custom alert-custom fusion-alert-center wpcf7-response-output alert-dismissable\" style=\"border-width:1px;\"><button type=\"button\" class=\"close toggle-alert\" data-dismiss=\"alert\" aria-label=\"Close\">&times;<\/button><div class=\"fusion-alert-content-wrapper\"><span class=\"fusion-alert-content\"><\/span><\/div><\/div>\n<\/form>\n<\/div>\n\n<\/div><div class=\"fusion-clearfix\"><\/div><\/div><\/div><\/div><\/div><div class=\"fusion-fullwidth fullwidth-box fusion-builder-row-4 hundred-percent-fullwidth non-hundred-percent-height-scrolling\" style=\"background-color: #6ac9cf;background-position: left top;background-repeat: no-repeat;padding-top:20px;padding-right:20%;padding-bottom:20px;padding-left:20%;border-width: 0px 0px 0px 0px;border-color:#a2d694;border-style:solid;\" ><div class=\"fusion-builder-row fusion-row\"><div class=\"fusion-layout-column fusion_builder_column fusion-builder-column-3 fusion_builder_column_1_1 1_1 fusion-one-full fusion-column-first fusion-column-last fusion-column-no-min-height fusion-column-inner-bg-wrapper fusion-animated\" style=\"margin-top:0px;margin-bottom:0px;\" data-animationType=\"fadeIn\" data-animationDuration=\"0.3\" data-animationOffset=\"top-into-view\"><div class=\"fusion-column-wrapper fusion-flex-column-wrapper-legacy\" style=\"padding: 1px 1px 1px 1px;\"><div class=\"fusion-text fusion-text-3\"><p style=\"text-align: center;\">Approval<br \/>\nBy completing the form, I agree that OZ Mission Life, Zelen\u00e1 2, 811 01 Bratislava, I\u010cO 30792541, collects, processes and stores my personal data in its records or data files to the extent of the data stated in the questionnaire, including the use of date of birth, in accordance with Act no. 428\/2002 of the Collection of Laws on the Protection of Personal Data as amended.<\/p>\n<\/div><div class=\"fusion-clearfix\"><\/div><\/div><span class=\"fusion-column-inner-bg hover-type-zoomin\"><span class=\"fusion-column-anchor\"><span class=\"fusion-column-inner-bg-image\" style=\"background-position:left top;background-repeat:no-repeat;-webkit-background-size:cover;-moz-background-size:cover;-o-background-size:cover;background-size:cover;\"><\/span><\/span><\/span><\/div><\/div><\/div><div class=\"fusion-fullwidth fullwidth-box fusion-builder-row-5 nonhundred-percent-fullwidth non-hundred-percent-height-scrolling fusion-equal-height-columns\" style=\"background-color: rgba(255,255,255,0);background-position: center center;background-repeat: no-repeat;padding-top:0px;padding-right:30px;padding-bottom:0px;padding-left:30px;margin-bottom: 10px;margin-top: 10px;border-width: 0px 0px 0px 0px;border-color:#eae9e9;border-style:solid;\" ><div class=\"fusion-builder-row fusion-row\"><div class=\"fusion-layout-column fusion_builder_column fusion-builder-column-4 fusion_builder_column_1_4 1_4 fusion-one-fourth fusion-column-first\" style=\"width:25%;width:calc(25% - ( ( 4% + 4% ) * 0.25 ) );margin-right: 4%;margin-top:0px;margin-bottom:0px;\"><div class=\"fusion-column-wrapper fusion-flex-column-wrapper-legacy\" style=\"background-position:left top;background-blend-mode: overlay;background-repeat:no-repeat;-webkit-background-size:cover;-moz-background-size:cover;-o-background-size:cover;background-size:cover;padding: 0px 0px 0px 20px;\"><span class=\" fusion-imageframe imageframe-none imageframe-2 hover-type-none\" style=\"margin-right:25px;float:left;\"><img decoding=\"async\" width=\"150\" height=\"150\" title=\"MissionLife_final-03 150&#215;150\" src=\"https:\/\/www.missionlife.sk\/wp-content\/uploads\/2021\/03\/MissionLife_final-03-150x150-1.png\" alt class=\"img-responsive wp-image-4715\"\/><\/span><div class=\"fusion-clearfix\"><\/div><\/div><\/div><div class=\"fusion-layout-column fusion_builder_column fusion-builder-column-5 fusion_builder_column_1_2 1_2 fusion-one-half\" style=\"width:50%;width:calc(50% - ( ( 4% + 4% ) * 0.5 ) );margin-right: 4%;margin-top:0px;margin-bottom:0px;\"><div class=\"fusion-column-wrapper fusion-flex-column-wrapper-legacy\" style=\"background-position:left top;background-blend-mode: overlay;background-repeat:no-repeat;-webkit-background-size:cover;-moz-background-size:cover;-o-background-size:cover;background-size:cover;padding: 20px 0px 0px 0px;\"><div class=\"fusion-text fusion-text-4\"><p><strong><br \/>\n<a href=\"https:\/\/www.missionlife.sk\/pomoc\/#formul%C3%A1r\">\u017dIADOS\u0164 O PODPORU<\/a><\/strong><br \/>\nPotrebujete pomoc a m\u00e1te z\u00e1ujem spolupodie\u013ea\u0165 sa na nej?<\/p>\n<\/div><div class=\"fusion-clearfix\"><\/div><\/div><\/div><div class=\"fusion-layout-column fusion_builder_column fusion-builder-column-6 fusion_builder_column_1_4 1_4 fusion-one-fourth fusion-column-last\" style=\"width:25%;width:calc(25% - ( ( 4% + 4% ) * 0.25 ) );margin-top:0px;margin-bottom:0px;\"><div class=\"fusion-column-wrapper fusion-flex-column-wrapper-legacy\" style=\"background-position:left top;background-blend-mode: overlay;background-repeat:no-repeat;-webkit-background-size:cover;-moz-background-size:cover;-o-background-size:cover;background-size:cover;padding: 20px 20px 0px 0px;\"><div class=\"fusion-text fusion-text-5\"><p style=\"text-align: right;\"><strong><br \/>\n\u00a9 2020 MISSION LIFE<\/strong><br \/>\nV\u0161etky pr\u00e1va vyhraden\u00e9.<\/p>\n<\/div><div class=\"fusion-clearfix\"><\/div><\/div><\/div><\/div><\/div>\n<\/p>\n","protected":false},"excerpt":{"rendered":"","protected":false},"author":1,"featured_media":0,"parent":0,"menu_order":0,"comment_status":"closed","ping_status":"closed","template":"","meta":{"_mi_skip_tracking":false},"yoast_head":"<!-- This site is optimized with the Yoast SEO plugin v21.1 - https:\/\/yoast.com\/wordpress\/plugins\/seo\/ -->\n<title>FORM 3 - Mission Life<\/title>\n<meta name=\"robots\" content=\"index, follow, max-snippet:-1, max-image-preview:large, max-video-preview:-1\" \/>\n<link rel=\"canonical\" href=\"https:\/\/www.missionlife.sk\/en\/form-3\/\" class=\"yoast-seo-meta-tag\" \/>\n<meta property=\"og:locale\" content=\"en_US\" class=\"yoast-seo-meta-tag\" \/>\n<meta property=\"og:type\" content=\"article\" class=\"yoast-seo-meta-tag\" \/>\n<meta property=\"og:title\" content=\"FORM 3 - Mission Life\" class=\"yoast-seo-meta-tag\" \/>\n<meta property=\"og:url\" content=\"https:\/\/www.missionlife.sk\/en\/form-3\/\" class=\"yoast-seo-meta-tag\" \/>\n<meta property=\"og:site_name\" content=\"Mission Life\" class=\"yoast-seo-meta-tag\" \/>\n<meta property=\"article:modified_time\" content=\"2020-05-18T10:29:10+00:00\" class=\"yoast-seo-meta-tag\" \/>\n<meta name=\"twitter:card\" content=\"summary_large_image\" class=\"yoast-seo-meta-tag\" \/>\n<meta name=\"twitter:label1\" content=\"Est. reading time\" class=\"yoast-seo-meta-tag\" \/>\n\t<meta name=\"twitter:data1\" content=\"5 minutes\" class=\"yoast-seo-meta-tag\" \/>\n<script type=\"application\/ld+json\" class=\"yoast-schema-graph\">{\"@context\":\"https:\/\/schema.org\",\"@graph\":[{\"@type\":\"WebPage\",\"@id\":\"https:\/\/www.missionlife.sk\/en\/form-3\/\",\"url\":\"https:\/\/www.missionlife.sk\/en\/form-3\/\",\"name\":\"FORM 3 - Mission Life\",\"isPartOf\":{\"@id\":\"https:\/\/www.missionlife.sk\/en\/#website\"},\"datePublished\":\"2018-02-13T22:24:40+00:00\",\"dateModified\":\"2020-05-18T10:29:10+00:00\",\"breadcrumb\":{\"@id\":\"https:\/\/www.missionlife.sk\/en\/form-3\/#breadcrumb\"},\"inLanguage\":\"en-US\",\"potentialAction\":[{\"@type\":\"ReadAction\",\"target\":[\"https:\/\/www.missionlife.sk\/en\/form-3\/\"]}]},{\"@type\":\"BreadcrumbList\",\"@id\":\"https:\/\/www.missionlife.sk\/en\/form-3\/#breadcrumb\",\"itemListElement\":[{\"@type\":\"ListItem\",\"position\":1,\"name\":\"Home\",\"item\":\"https:\/\/www.missionlife.sk\/en\/\"},{\"@type\":\"ListItem\",\"position\":2,\"name\":\"FORM 3\"}]},{\"@type\":\"WebSite\",\"@id\":\"https:\/\/www.missionlife.sk\/en\/#website\",\"url\":\"https:\/\/www.missionlife.sk\/en\/\",\"name\":\"Mission Life\",\"description\":\"Darcovstvo nerozde\u013euje, pomoc n\u00e1s sp\u00e1ja\",\"potentialAction\":[{\"@type\":\"SearchAction\",\"target\":{\"@type\":\"EntryPoint\",\"urlTemplate\":\"https:\/\/www.missionlife.sk\/en\/?s={search_term_string}\"},\"query-input\":\"required name=search_term_string\"}],\"inLanguage\":\"en-US\"}]}<\/script>\n<!-- \/ Yoast SEO plugin. -->","yoast_head_json":{"title":"FORM 3 - Mission Life","robots":{"index":"index","follow":"follow","max-snippet":"max-snippet:-1","max-image-preview":"max-image-preview:large","max-video-preview":"max-video-preview:-1"},"canonical":"https:\/\/www.missionlife.sk\/en\/form-3\/","og_locale":"en_US","og_type":"article","og_title":"FORM 3 - Mission Life","og_url":"https:\/\/www.missionlife.sk\/en\/form-3\/","og_site_name":"Mission Life","article_modified_time":"2020-05-18T10:29:10+00:00","twitter_card":"summary_large_image","twitter_misc":{"Est. reading time":"5 minutes"},"schema":{"@context":"https:\/\/schema.org","@graph":[{"@type":"WebPage","@id":"https:\/\/www.missionlife.sk\/en\/form-3\/","url":"https:\/\/www.missionlife.sk\/en\/form-3\/","name":"FORM 3 - Mission Life","isPartOf":{"@id":"https:\/\/www.missionlife.sk\/en\/#website"},"datePublished":"2018-02-13T22:24:40+00:00","dateModified":"2020-05-18T10:29:10+00:00","breadcrumb":{"@id":"https:\/\/www.missionlife.sk\/en\/form-3\/#breadcrumb"},"inLanguage":"en-US","potentialAction":[{"@type":"ReadAction","target":["https:\/\/www.missionlife.sk\/en\/form-3\/"]}]},{"@type":"BreadcrumbList","@id":"https:\/\/www.missionlife.sk\/en\/form-3\/#breadcrumb","itemListElement":[{"@type":"ListItem","position":1,"name":"Home","item":"https:\/\/www.missionlife.sk\/en\/"},{"@type":"ListItem","position":2,"name":"FORM 3"}]},{"@type":"WebSite","@id":"https:\/\/www.missionlife.sk\/en\/#website","url":"https:\/\/www.missionlife.sk\/en\/","name":"Mission Life","description":"Darcovstvo nerozde\u013euje, pomoc n\u00e1s sp\u00e1ja","potentialAction":[{"@type":"SearchAction","target":{"@type":"EntryPoint","urlTemplate":"https:\/\/www.missionlife.sk\/en\/?s={search_term_string}"},"query-input":"required name=search_term_string"}],"inLanguage":"en-US"}]}},"_links":{"self":[{"href":"https:\/\/www.missionlife.sk\/en\/wp-json\/wp\/v2\/pages\/4475"}],"collection":[{"href":"https:\/\/www.missionlife.sk\/en\/wp-json\/wp\/v2\/pages"}],"about":[{"href":"https:\/\/www.missionlife.sk\/en\/wp-json\/wp\/v2\/types\/page"}],"author":[{"embeddable":true,"href":"https:\/\/www.missionlife.sk\/en\/wp-json\/wp\/v2\/users\/1"}],"replies":[{"embeddable":true,"href":"https:\/\/www.missionlife.sk\/en\/wp-json\/wp\/v2\/comments?post=4475"}],"version-history":[{"count":6,"href":"https:\/\/www.missionlife.sk\/en\/wp-json\/wp\/v2\/pages\/4475\/revisions"}],"predecessor-version":[{"id":4531,"href":"https:\/\/www.missionlife.sk\/en\/wp-json\/wp\/v2\/pages\/4475\/revisions\/4531"}],"wp:attachment":[{"href":"https:\/\/www.missionlife.sk\/en\/wp-json\/wp\/v2\/media?parent=4475"}],"curies":[{"name":"wp","href":"https:\/\/api.w.org\/{rel}","templated":true}]}}